{"id":2890,"date":"2020-04-05T17:58:45","date_gmt":"2020-04-05T14:58:45","guid":{"rendered":"http:\/\/hallo-deutschland.ru\/datenschutz\/"},"modified":"2020-04-19T17:20:26","modified_gmt":"2020-04-19T14:20:26","slug":"datenschutz","status":"publish","type":"page","link":"https:\/\/hallo-deutschland.ru\/ru\/datenschutz\/","title":{"rendered":"\u0417\u0430\u0449\u0438\u0442\u0430 \u0434\u0430\u043d\u043d\u044b\u0445"},"content":{"rendered":"<div class=\"csc-header csc-header-n1\">\n<h1 class=\"csc-firstHeader\">Datenschutzerkl\u00e4rung<\/h1>\n<\/div>\n<h3><b>Haftungsausschluss<\/b><\/h3>\n<h4>1. Inhalt des Onlineangebotes<\/h4>\n<p class=\"bodytext\">Der Autor \u00fcbernimmt keinerlei Gew\u00e4hr f\u00fcr die Aktualit\u00e4t, Korrektheit, Vollst\u00e4ndigkeit oder Qualit\u00e4tder bereitgestellten Informationen. Haftungsanspr\u00fcche gegen den Autor, welche sich auf Sch\u00e4den materieller oder ideeller Art beziehen, die durch die Nutzung oder Nichtnutzung der dargebotenen Informationen bzw. durch die Nutzung fehlerhafter und unvollst\u00e4ndiger Informationen verursacht wurden, sind grunds\u00e4tzlich ausgeschlossen, sofern seitens des Autors kein nachweislich vors\u00e4tzliches oder grob fahrl\u00e4ssiges Verschulden vorliegt.<\/p>\n<p class=\"bodytext\">Alle Angebote sind frei bleibend und unverbindlich. Der Autor beh\u00e4lt es sich ausdr\u00fccklich vor, Teile der Seiten oder das gesamte Angebot ohne gesonderte Ank\u00fcndigung zu ver\u00e4ndern, zu erg\u00e4nzen, zu l\u00f6schen oder die Ver\u00f6ffentlichung zeitweise oder endg\u00fcltig einzustellen.<\/p>\n<h4>2. Verweise und Links<\/h4>\n<p class=\"bodytext\">Bei direkten oder indirekten Verweisen auf fremde Internetseiten (\u00abLinks\u00bb), die au\u00dferhalb des Verantwortungsbereiches des Autors liegen, w\u00fcrde eine Haftungsverpflichtung ausschlie\u00dflich in dem Fall in Kraft treten, in dem der Autor von den Inhalten Kenntnis hat und es ihm technisch m\u00f6glich und zumutbar w\u00e4re, die Nutzung im Falle rechtswidriger Inhalte zu verhindern.<\/p>\n<p class=\"bodytext\">Der Autor erkl\u00e4rt hiermit ausdr\u00fccklich, dass zum Zeitpunkt der Linksetzung keine illegalen Inhalte auf den zu verlinkenden Seiten erkennbar waren. Auf die aktuelle und zuk\u00fcnftige Gestaltung, die Inhalte oder die Urheberschaft der gelinkten \/ verkn\u00fcpften Seiten hat der Autor keinerlei Einfluss. Deshalb distanziert er sich hiermit ausdr\u00fccklich von allen Inhalten aller gelinkten \/ verkn\u00fcpften Seiten, die nach der Linksetzung ver\u00e4ndert wurden. Diese Feststellung gilt f\u00fcr alle innerhalb des eigenen Internetangebotes gesetzten Links und Verweise sowie f\u00fcr Fremdeintr\u00e4ge in vom Autor eingerichteten G\u00e4steb\u00fcchern, Diskussionsforen und Mailinglisten. F\u00fcr illegale, fehlerhafte oder unvollst\u00e4ndige Inhalte und insbesondere f\u00fcr Sch\u00e4den, die aus der Nutzung oder Nichtnutzung solcherart dargebotener Informationen entstehen, haftet allein der Anbieter der Seite, aufwelche verwiesen wurde, nicht derjenige, der \u00fcber Links auf diejeweilige Ver\u00f6ffentlichung lediglich verweist.<\/p>\n<h4>3. Urheber- und Kennzeichenrecht<\/h4>\n<p class=\"bodytext\">Der Autor ist bestrebt, in allen Publikationen die Urheberrechte derverwendeten Grafiken und Texte zu beachten, von ihm selbst erstellte Grafiken und Texte zu nutzen oder auf lizenzfreie Grafiken und Texte zur\u00fcckzugreifen.<\/p>\n<p class=\"bodytext\">Alle innerhalb des Internetangebotes genannten und ggf. durch Drittegesch\u00fctzten Marken- und Warenzeichen unterliegen uneingeschr\u00e4nkt den Bestimmungen des jeweils g\u00fcltigen Kennzeichenrechts und den Besitzrechten der jeweiligen eingetragenen Eigent\u00fcmer. Allein aufgrund der blo\u00dfen Nennung ist nicht der Schluss zu ziehen, dass Markenzeichen nicht durch Rechte Dritter gesch\u00fctzt sind!<\/p>\n<p class=\"bodytext\">Das Copyright f\u00fcr ver\u00f6ffentlichte, vom Autor selbst erstellte Objekte bleibt allein beim Autor der Seiten. Eine Vervielf\u00e4ltigung oder Verwendung solcher Grafiken, Tondokumente, Videosequenzen und Texte in anderen elektronischen oder gedruckten Publikationen ist ohne ausdr\u00fcckliche Zustimmung des Autors nicht gestattet.<\/p>\n<h4>4. Datenschutz<\/h4>\n<p class=\"bodytext\">Uns ist die Wahrung Ihrer Privatsph\u00e4re bei der Verarbeitung pers\u00f6nlicher Daten ein wichtiges Anliegen. Wenn Sie unsere Websites besuchen, verzeichnet unser Web-Server zum Zweck der Systemsicherheit tempor\u00e4r den Domain-Namen oder die IP-Adresse des anfragenden Rechners sowie das Zugriffsdatum, die Dateianfrage des Client (Dateiname und URL), den HTTP-Antwort-Code und die Website, von der aus Sie uns besuchen und die Anzahl der im Rahmen der Verbindung transferierten Bytes.<\/p>\n<p class=\"bodytext\">Der Anbieter dieser Website verwendet Dienste der etracker GmbH aus Hamburg, Deutschland (<a class=\"external-link-new-window\" title=\"Opens internal link in current window\" href=\"https:\/\/www.etracker.com\/\" target=\"_blank\" rel=\"noopener noreferrer\">www.etracker.com<\/a>) zur Analyse von Nutzungsdaten. Es werden dabei Cookies eingesetzt, die eine statistische Analyse der Nutzung dieser Website durch ihre Besucher sowie die Anzeige nutzungsbezogener Inhalte oder Werbung erm\u00f6glichen. Cookies sind kleine Textdateien, die vom Internet-Browser auf dem Endger\u00e4t des Nutzers gespeichert werden.<\/p>\n<p class=\"bodytext\">etracker-Cookies enthalten keine Informationen, die eine Identifikation eines Nutzers erm\u00f6glichen. Die mit etracker erzeugten Daten werden im Auftrag des Anbieters dieser Website von etracker ausschlie\u00dflich in Deutschland verarbeitet und gespeichert und unterliegen damit den strengen deutschen und europ\u00e4ischen Datenschutzgesetzen und -standards. etracker wurde diesbez\u00fcglich unabh\u00e4ngig gepr\u00fcft, zertifiziert und mit dem Datenschutz-G\u00fctesiegel ePrivacyseal ausgezeichnet. Die Datenverarbeitung erfolgt auf der Rechtsgrundlage des Art. 6 Abs .1 lit f (berechtigtes Interesse) der EU-Datenschutzgrundverordnung (EU-DSGVO).<\/p>\n<p class=\"bodytext\">Unser berechtigtes Interesse besteht in der Optimierung unseres Online-Angebotes und unseres Webauftritts. Da uns die Privatsph\u00e4re unserer Besucher besonders wichtig ist, wird die IP-Adresse bei etracker fr\u00fchestm\u00f6glich anonymisiert und Anmelde- oder Ger\u00e4tekennungen bei etracker zu einem eindeutigen, aber nicht einer Person zugeordneten Schl\u00fcssel umgewandelt. Eine andere Verwendung, Zusammenf\u00fchrung mit anderen Daten oder eine Weitergabe an Dritte erfolgt durch etracker nicht. Sie k\u00f6nnen der vorbeschriebenen Datenverarbeitung jederzeit widersprechen, soweit sie personenbezogen erfolgt. Ihr Widerspruch hat f\u00fcr Sie keine nachteiligen Folgen.<\/p>\n<p class=\"bodytext\"><a id=\"et-opt-out\" class=\"\" href=\"https:\/\/alumniportal.com\/typo3\/#\" data-tld=\"alumniportal.com\">Ich widerspreche der Verarbeitung meiner personenbezogenen Daten mit etracker auf dieser Website.<\/a><\/p>\n<p class=\"bodytext\">Weitere Informationen zum Datenschutz bei etracker finden Sie <a class=\"external-link-new-window\" title=\"Opens internal link in current window\" href=\"https:\/\/www.etracker.com\/datenschutz\/\" target=\"_blank\" rel=\"noopener noreferrer\">hier<\/a>.<\/p>\n<p class=\"bodytext\">Das Login- bzw. Registrierungsformular f\u00fcr die Community erfordert die Angabe personenbezogener Daten. Sie loggen sich \u00fcber die Login-Box bei Ihrem Account im Alumniportal Deutschland ein, deshalb gilt hier die <a class=\"external-link-new-window\" title=\"Opens external link in new window\" href=\"http:\/\/www.alumniportal-deutschland.org\/services\/datenschutzhtml.html\" target=\"_blank\" rel=\"noopener noreferrer\">Datenschutzerkl\u00e4rung des Alumniportals Deutschland<\/a>. Beim Aufruf anderer Webangebote, f\u00fcr deren Abwicklung die Eingabe weiterer personenbezogener\u00a0Daten erforderlich ist, gelten dar\u00fcber hinaus die auf das jeweilige Angebot angepassten Datenschutzerkl\u00e4rungen.<\/p>\n<p class=\"bodytext\">Zum Datenschutz des Deutsch-Russischen-Forums: <br \/>\n<span lang=\"de\"><a href=\"https:\/\/drforum.biz\/owa\/redir.aspx?C=fumGLkpk9lkkBltQ9_WFl7rB5l7WHMLUJ_5PJRB4626a1j8vs9bVCA..&amp;URL=http%3a%2f%2fwww.deutsch-russisches-forum.de%2fportal%2fwp-content%2fuploads%2f2018%2f06%2fDatenschutzerkl-rung-DRF.pdf\" target=\"_blank\" rel=\"noopener noreferrer\">http:\/\/www.deutsch-russisches-forum.de\/portal\/wp-content\/uploads\/2018\/06\/Datenschutzerkl-rung-DRF.pdf<\/a><\/span><\/p>\n<h4>5. Rechtswirksamkeit dieses Haftungsausschlusses<\/h4>\n<p class=\"bodytext\">Dieser Haftungsausschluss ist als Teil des Internetangebotes zu betrachten, von dem aus auf diese Seite verwiesen wurde. Sofern Teile oder einzelne Formulierungen dieses Textes der geltenden Rechtslage nicht, nicht mehr oder nicht vollst\u00e4ndig entsprechen sollten, bleiben die \u00fcbrigen Teile des Dokumentes in ihrem Inhalt und ihrer G\u00fcltigkeit davon unber\u00fchrt.<\/p>\n<p class=\"bodytext\">\u00a0<\/p>\n","protected":false},"excerpt":{"rendered":"<p>Datenschutzerkl\u00e4rung Haftungsausschluss 1. Inhalt des Onlineangebotes Der Autor \u00fcbernimmt keinerlei Gew\u00e4hr f\u00fcr die Aktualit\u00e4t, Korrektheit, Vollst\u00e4ndigkeit [&hellip;]<\/p>\n","protected":false},"author":2,"featured_media":0,"parent":0,"menu_order":0,"comment_status":"closed","ping_status":"closed","template":"","meta":{"footnotes":""},"class_list":["post-2890","page","type-page","status-publish","hentry"],"_links":{"self":[{"href":"https:\/\/hallo-deutschland.ru\/ru\/wp-json\/wp\/v2\/pages\/2890"}],"collection":[{"href":"https:\/\/hallo-deutschland.ru\/ru\/wp-json\/wp\/v2\/pages"}],"about":[{"href":"https:\/\/hallo-deutschland.ru\/ru\/wp-json\/wp\/v2\/types\/page"}],"author":[{"embeddable":true,"href":"https:\/\/hallo-deutschland.ru\/ru\/wp-json\/wp\/v2\/users\/2"}],"replies":[{"embeddable":true,"href":"https:\/\/hallo-deutschland.ru\/ru\/wp-json\/wp\/v2\/comments?post=2890"}],"version-history":[{"count":1,"href":"https:\/\/hallo-deutschland.ru\/ru\/wp-json\/wp\/v2\/pages\/2890\/revisions"}],"predecessor-version":[{"id":2891,"href":"https:\/\/hallo-deutschland.ru\/ru\/wp-json\/wp\/v2\/pages\/2890\/revisions\/2891"}],"wp:attachment":[{"href":"https:\/\/hallo-deutschland.ru\/ru\/wp-json\/wp\/v2\/media?parent=2890"}],"curies":[{"name":"wp","href":"https:\/\/api.w.org\/{rel}","templated":true}]}}