{"id":2848,"date":"2020-04-04T12:47:33","date_gmt":"2020-04-04T09:47:33","guid":{"rendered":"http:\/\/hallo-deutschland.ru\/projekte\/"},"modified":"2020-07-02T16:09:10","modified_gmt":"2020-07-02T13:09:10","slug":"projekte","status":"publish","type":"page","link":"https:\/\/hallo-deutschland.ru\/ru\/projekte\/","title":{"rendered":"\u041f\u0440\u043e\u0435\u043a\u0442\u044b"},"content":{"rendered":"<div class=\"wpb-content-wrapper\"><p>[vc_row][vc_column]<div class=\"title-section   \">\n\t\t<h2 class=\"title\" style=\"\n\t\t\tfont-size: 36px;\n\t\t\tfont-weight: 700;\n\t\t\tline-height: 36px;\n\t\t\tcolor: #00949b;\n\t\t\tmargin-bottom: 15px;\n\t\t\tletter-spacing: 0px;\n\t\t\">\n\t\t\tProjekte von ``hallo deutschland!``\t\t\t\n\t\t<\/h2>\t\n\t\t<div class=\"title-line\" style=\"\n\t\t\tbackground: #00949b;\n\t\t\"><\/div>\t\t\t\n\t\t\n\n\t<\/div>[\/vc_column][\/vc_row][vc_row][vc_column][vc_empty_space height=&#8221;50px&#8221;][\/vc_column][\/vc_row][vc_row][vc_column width=&#8221;1\/3&#8243;][vc_single_image image=&#8221;2528&#8243; img_size=&#8221;full&#8221;][\/vc_column][vc_column width=&#8221;2\/3&#8243;][vc_column_text]<\/p>\n<h4><b>Moskauer Gespr\u00e4che<\/b><\/h4>\n<p>Die \u201eMoskauer Gespr\u00e4che\u201c sind eine Veranstaltungsreihe, die sich an Studenten, Praktikanten und junge Berufst\u00e4tige aus Deutschland und Russland richtet, und diesen ein Forum bietet, sich untereinander und mit hochkar\u00e4tigen Referenten \u00fcber aktuelle Themen im deutsch-russischen Kontext auszutauschen. Das Themenspektrum reicht von Kultur und Gesellschaft \u00fcber Politik bis zu Wirtschaftsthemen. Die \u201eMoskauer Gespr\u00e4che\u201c werden von der Moskauer Deutschen Zeitung und dem Deutsch-Russischen Forum e.V. gemeinsam organisiert. Seit Januar 2012 haben folgende Moskauer Gespr\u00e4che stattgefunden.<\/p>\n<p>[\/vc_column_text][\/vc_column][\/vc_row][vc_row][vc_column][vc_empty_space height=&#8221;80px&#8221;][\/vc_column][\/vc_row][vc_row][vc_column width=&#8221;1\/3&#8243;][vc_single_image image=&#8221;2537&#8243; img_size=&#8221;full&#8221;][\/vc_column][vc_column width=&#8221;2\/3&#8243;][vc_column_text]<\/p>\n<h4 class=\"bodytext\"><b>Medienforum<\/b><\/h4>\n<p>\u0412 \u0442\u0435\u0447\u0435\u043d\u0438\u0435 \u043f\u044f\u0442\u043d\u0430\u0434\u0446\u0430\u0442\u0438 \u043b\u0435\u0442 \u0413\u0435\u0440\u043c\u0430\u043d\u043e-\u0420\u043e\u0441\u0441\u0438\u0439\u0441\u043a\u0438\u0439 \u0424\u043e\u0440\u0443\u043c \u043e\u0440\u0433\u0430\u043d\u0438\u0437\u0443\u0435\u0442 \u043a\u043e\u043d\u0444\u0435\u0440\u0435\u043d\u0446\u0438\u0438 \u0434\u043b\u044f \u0440\u043e\u0441\u0441\u0438\u0439\u0441\u043a\u0438\u0445 \u0438 \u043d\u0435\u043c\u0435\u0446\u043a\u0438\u0445 \u043c\u043e\u043b\u043e\u0434\u044b\u0445 \u0436\u0443\u0440\u043d\u0430\u043b\u0438\u0441\u0442\u043e\u0432. \u041c\u0435\u0434\u0438\u0430\u0444\u043e\u0440\u0443\u043c \u0443\u0436\u0435 \u043f\u0440\u043e\u0432\u043e\u0434\u0438\u043b\u0441\u044f \u0432 \u0421\u0430\u043d\u043a\u0442-\u041f\u0435\u0442\u0435\u0440\u0431\u0443\u0440\u0433\u0435, \u0421\u0442\u0430\u0432\u0440\u043e\u043f\u043e\u043b\u0435, \u0421\u043e\u0447\u0438, \u041c\u0443\u0440\u043c\u0430\u043d\u0441\u043a\u0435, \u0412\u043b\u0430\u0434\u0438\u0432\u043e\u0441\u0442\u043e\u043a\u0435, \u0418\u0440\u043a\u0443\u0442\u0441\u043a\u0435, \u041f\u0435\u0440\u043c\u0438, \u041f\u044f\u0442\u0438\u0433\u043e\u0440\u0441\u043a\u0435, \u041c\u043e\u0441\u043a\u0432\u0435 \u0438 \u043c\u043d\u043e\u0433\u0438\u0445 \u0434\u0440\u0443\u0433\u0438\u0445 \u0440\u043e\u0441\u0441\u0438\u0439\u0441\u043a\u0438\u0445 \u0433\u043e\u0440\u043e\u0434\u0430\u0445. \u0412 \u043a\u043e\u043d\u0444\u0435\u0440\u0435\u043d\u0446\u0438\u044f\u0445 \u043f\u0440\u0438\u043d\u044f\u043b\u043e \u0443\u0447\u0430\u0441\u0442\u0438\u0435 \u0443\u0436\u0435 \u0431\u043e\u043b\u0435\u0435 550 \u0436\u0443\u0440\u043d\u0430\u043b\u0438\u0441\u0442\u043e\u0432 \u0438\u0437 \u0413\u0435\u0440\u043c\u0430\u043d\u0438\u0438, \u0420\u043e\u0441\u0441\u0438\u0438, \u0423\u043a\u0440\u0430\u0438\u043d\u044b, \u041f\u043e\u043b\u044c\u0448\u0438, \u0427\u0435\u0445\u0438\u0438, \u0411\u0435\u043b\u043e\u0440\u0443\u0441\u0441\u0438\u0438, \u0412\u0435\u043d\u0433\u0440\u0438\u0438, \u041a\u0430\u0437\u0430\u0445\u0441\u0442\u0430\u043d\u0430, \u0423\u0437\u0431\u0435\u043a\u0438\u0441\u0442\u0430\u043d\u0430 \u0438 \u0434\u0440\u0443\u0433\u0438\u0445 \u0441\u0442\u0440\u0430\u043d. \u0412\u043c\u0435\u0441\u0442\u0435 \u0441 \u043e\u043f\u044b\u0442\u043d\u044b\u043c\u0438 \u044d\u043a\u0441\u043f\u0435\u0440\u0442\u0430\u043c\u0438 \u043f\u0440\u043e\u0444\u0435\u0441\u0441\u0438\u043e\u043d\u0430\u043b\u044b \u0421\u041c\u0418 \u0440\u0430\u0441\u0441\u043c\u0430\u0442\u0440\u0438\u0432\u0430\u043b\u0438 \u0441\u043b\u0435\u0434\u0443\u044e\u0449\u0438\u0435 \u0442\u0435\u043c\u044b: \u0441\u043e\u0446\u0438\u0430\u043b\u044c\u043d\u044b\u0435 \u0441\u0435\u0442\u0438 \u0432 \u0421\u041c\u0418 \u0413\u0435\u0440\u043c\u0430\u043d\u0438\u0438 \u0438 \u0420\u043e\u0441\u0441\u0438\u0438, \u044d\u0445\u043e\u043a\u0430\u043c\u0435\u0440\u044b, \u0436\u0443\u0440\u043d\u0430\u043b\u0438\u0441\u0442\u0438\u043a\u0430 \u0434\u0430\u043d\u043d\u044b\u0445, \u0430\u043a\u0442\u0443\u0430\u043b\u044c\u043d\u044b\u0435 \u043f\u0440\u043e\u0431\u043b\u0435\u043c\u044b \u0437\u0430\u0440\u0443\u0431\u0435\u0436\u043d\u043e\u0439 \u0436\u0443\u0440\u043d\u0430\u043b\u0438\u0441\u0442\u0438\u043a\u0438, \u044d\u043a\u043e\u0436\u0443\u0440\u043d\u0430\u043b\u0438\u0441\u0442\u0438\u043a\u0430, \u043d\u0430\u0443\u0447\u043d\u0430\u044f \u043a\u043e\u043c\u043c\u0443\u043d\u0438\u043a\u0430\u0446\u0438\u044f \u0438 \u043c\u043d\u043e\u0433\u0438\u0435 \u0434\u0440\u0443\u0433\u0438\u0435.<\/p>\n<p>&nbsp;<\/p>\n<p>[\/vc_column_text][\/vc_column][\/vc_row][vc_row][vc_column][vc_empty_space height=&#8221;40px&#8221;][\/vc_column][\/vc_row][vc_row][vc_column width=&#8221;1\/3&#8243;][vc_single_image image=&#8221;2543&#8243; img_size=&#8221;full&#8221;][\/vc_column][vc_column width=&#8221;2\/3&#8243;][vc_column_text]<\/p>\n<h4 class=\"bodytext\"><b>Alumnikonferenzen<\/b><\/h4>\n<p>Die dreit\u00e4gigen Alumnikonferenzen sind gro\u00dfe regionale Alumnitreffen in der russischen F\u00f6deration, die den russischen Deutschland-Alumni Gelegenheit geben, sich untereinander zu vernetzen, sich mit aktuellen Themen der deutsch-russischen Beziehungen auseinanderzusetzen und Kontakte zu deutschen Unternehmen zu kn\u00fcpfen. Sie werden in Kooperation mit der Administration und der Universit\u00e4t vor Ort, sowie unter Einbezug der zust\u00e4ndigen deutschen Auslandsvertretung und der lokalen deutschen Kulturmittler organisiert.<\/p>\n<p>&nbsp;<\/p>\n<p>[\/vc_column_text][\/vc_column][\/vc_row][vc_row][vc_column][vc_empty_space height=&#8221;40px&#8221;][\/vc_column][\/vc_row][vc_row][vc_column width=&#8221;1\/3&#8243;][vc_single_image image=&#8221;2547&#8243; img_size=&#8221;full&#8221;][\/vc_column][vc_column width=&#8221;2\/3&#8243;][vc_column_text]<\/p>\n<h4><b>Hochschul-Zertifikatskurse <\/b><\/h4>\n<p>Seit 2013 bietet das Alumninetzwerk &#8220;hallo deutschland&#8221; in Zusammenarbeit mit dem Lerndienstleister EB Cert GmbH Hochschul-Zertifikatskurse in Volkswirtschaft und Betriebswirtschaft an. <b><\/b><\/p>\n<p>&nbsp;<\/p>\n<p>&nbsp;<\/p>\n<p>[\/vc_column_text][\/vc_column][\/vc_row][vc_row][vc_column][vc_empty_space height=&#8221;40px&#8221;][vc_row_inner][vc_column_inner]\n\t\t<div class=\"testimonial-sliders   style2\" data-autoplay=\"\" data-show_control=\"1\" data-show_direction=\"\" data-margin=\"30\" data-items=\"2\">\n\t\t\t<img decoding=\"async\" class=\"logo_svg testimonial_logo\" data-src=\"https:\/\/hallo-deutschland.ru\/wp-content\/themes\/consuloan\/images\/testimonial.svg\" src=\"https:\/\/hallo-deutschland.ru\/wp-content\/themes\/consuloan\/images\/testimonial.svg\" alt=\"thumb\">\n\t\t\t<div class=\"slide_nav\"><ul class=\"slides\"><\/ul><\/div>\n\t\t\t<div class=\"testimonial-slider\" >\t\t\n\t\t\t\t\t\t\t\n\t\t\t<\/div>\n\t\t<\/div>\n\t[\/vc_column_inner][\/vc_row_inner][\/vc_column][\/vc_row][vc_row][vc_column][vc_empty_space height=&#8221;80px&#8221;][\/vc_column][\/vc_row]<\/p>\n<\/div>","protected":false},"excerpt":{"rendered":"<p>[vc_row][vc_column][\/vc_column][\/vc_row][vc_row][vc_column][vc_empty_space height=&#8221;50px&#8221;][\/vc_column][\/vc_row][vc_row][vc_column width=&#8221;1\/3&#8243;][vc_single_image image=&#8221;2528&#8243; img_size=&#8221;full&#8221;][\/vc_column][vc_column width=&#8221;2\/3&#8243;][vc_column_text] Moskauer Gespr\u00e4che Die \u201eMoskauer Gespr\u00e4che\u201c sind eine Veranstaltungsreihe, die sich [&hellip;]<\/p>\n","protected":false},"author":2,"featured_media":0,"parent":0,"menu_order":0,"comment_status":"closed","ping_status":"closed","template":"tpl\/page_fullwidth.php","meta":{"footnotes":""},"class_list":["post-2848","page","type-page","status-publish","hentry"],"_links":{"self":[{"href":"https:\/\/hallo-deutschland.ru\/ru\/wp-json\/wp\/v2\/pages\/2848"}],"collection":[{"href":"https:\/\/hallo-deutschland.ru\/ru\/wp-json\/wp\/v2\/pages"}],"about":[{"href":"https:\/\/hallo-deutschland.ru\/ru\/wp-json\/wp\/v2\/types\/page"}],"author":[{"embeddable":true,"href":"https:\/\/hallo-deutschland.ru\/ru\/wp-json\/wp\/v2\/users\/2"}],"replies":[{"embeddable":true,"href":"https:\/\/hallo-deutschland.ru\/ru\/wp-json\/wp\/v2\/comments?post=2848"}],"version-history":[{"count":2,"href":"https:\/\/hallo-deutschland.ru\/ru\/wp-json\/wp\/v2\/pages\/2848\/revisions"}],"predecessor-version":[{"id":3326,"href":"https:\/\/hallo-deutschland.ru\/ru\/wp-json\/wp\/v2\/pages\/2848\/revisions\/3326"}],"wp:attachment":[{"href":"https:\/\/hallo-deutschland.ru\/ru\/wp-json\/wp\/v2\/media?parent=2848"}],"curies":[{"name":"wp","href":"https:\/\/api.w.org\/{rel}","templated":true}]}}